{"id":2,"date":"2025-12-08T13:35:41","date_gmt":"2025-12-08T13:35:41","guid":{"rendered":"http:\/\/bwrlick.cluster100.hosting.ovh.net\/?page_id=2"},"modified":"2026-02-09T17:02:05","modified_gmt":"2026-02-09T17:02:05","slug":"sample-page","status":"publish","type":"page","link":"https:\/\/www.atelier-intuitive.fr\/","title":{"rendered":"Sample Page"},"content":{"rendered":"<div  data-label=\"Le probleme\" data-id=\"about-image-section-pro\" data-category=\"about\" class=\"about-image-section-pro white-text-section\" id=\"le-probleme\" style=\"background-color: rgb(0, 0, 0); background-image: none;\" data-ovid=\"ovid-about-us-2-260\"> <div  class=\"gridContainer\"> <div  class=\"row about-image-gridcol-pro\"> <div  class=\"about-image-textcol-pro\" data-type=\"column\"> <h2  class=\"\"><span  style=\"color: rgb(255, 255, 255); font-weight: 200;\"> V<span  style=\"font-family: &quot;Source Sans Pro&quot;, arial, helvetica, sans-serif;\">ous en avez assez de chercher \n<br >vos cl\u00e9s ?<\/span> <\/span><\/h2> <p  class=\"\"> <span  style=\"color: rgb(255, 255, 255);\">Le matin, c\u2019est la course. Vous ouvrez votre sac et c\u2019est le chaos : cl\u00e9s perdues, t\u00e9l\u00e9phone coinc\u00e9, papiers \u00e9parpill\u00e9s. Ce stress invisible grignote votre \u00e9nergie.<\/span> <\/p> <\/div> <div  data-type=\"column\" class=\"\">  <\/div> <\/div> <\/div> <\/div><div  data-label=\"Concept\" data-id=\"content-image-right\" data-category=\"content\" class=\"content-right-image-section content-image-right white-text-section\" id=\"concept\" style=\"background-color: rgb(0, 0, 0); background-image: none;\" data-ovid=\"ovid-content-4-610\"> <div  class=\"gridContainer\"> <div  class=\"content-right-image-gridcol\"> <div  class=\"content-right-image-textcol dynamic-color\" data-type=\"column\"> <h2  class=\"\">INTUITIVE, l\u2019organisation r\u00e9invent\u00e9e<\/h2> <p  class=\"large_text\"> INTUITIVE est un syst\u00e8me de compartiments modulables et amovibles, fabriqu\u00e9s en France, avec des mat\u00e9riaux durables et responsables. Vous choisissez vos modules, vous les assemblez, et vous transf\u00e9rez tout d\u2019un sac \u00e0 un autre en un seul geste. <\/p>  <\/div> <div  class=\"content-right-image-imgcol\" data-type=\"column\"> <img  decoding=\"async\" src=\"https:\/\/www.atelier-intuitive.fr\/wp-content\/uploads\/2025\/12\/Intuitive_HD_2025-01-17_\u00a9VPL-51-scaled.jpg\" class=\"\" alt=\"\"> <\/div> <\/div> <\/div> <\/div><div  data-label=\"Benefices\" data-id=\"features-coloured-icon-boxes-section\" data-category=\"features\" class=\"features-coloured-icon-boxes-section\" id=\"benefices\" style=\"background-color: rgb(255, 255, 255); background-image: none;\" data-ovid=\"ovid-features-1-647\"> <div  class=\"gridContainer\"> <div  class=\"features-coloured-icon-boxes-textrow\"> <div  class=\"features-coloured-icon-boxes-textcol dynamic-color\" data-type=\"column\"> <h2  class=\"\">Ce que vous gagnez chaque jour<\/h2>  <\/div> <\/div> <div  class=\"features-coloured-icon-boxes-innerrow flexbox-list dark-text\" data-type=\"row\"> <div  class=\"features-coloured-icon-boxes-featurecol cp3cols cp6cols-tablet\">  <h4  class=\"\">Gain de temps<\/h4> <p  class=\"\">Changez de sac en quelques secondes, sans vider ni trier.<\/p>  <img  decoding=\"async\" class=\"custom-image\" src=\"https:\/\/www.atelier-intuitive.fr\/wp-content\/uploads\/2025\/12\/1.png\" alt=\"\"><\/div> <div  class=\"features-coloured-icon-boxes-featurecol cp3cols cp6cols-tablet\">  <h4  class=\"\">S\u00e9r\u00e9nit\u00e9<\/h4> <p  class=\"\">Fini les fouilles paniqu\u00e9es et les objets introuvables.<\/p>  <img  decoding=\"async\" class=\"custom-image\" src=\"https:\/\/www.atelier-intuitive.fr\/wp-content\/uploads\/2025\/12\/2.png\" alt=\"\"><\/div> <div  class=\"features-coloured-icon-boxes-featurecol cp3cols cp6cols-tablet\">  <h4  class=\"\">Estime de soi<\/h4> <p  class=\"\">Vous donnez l\u2019image d\u2019une personne organis\u00e9e, pr\u00eate et en contr\u00f4le.<\/p>  <img  decoding=\"async\" class=\"custom-image\" src=\"https:\/\/www.atelier-intuitive.fr\/wp-content\/uploads\/2025\/12\/3.png\" alt=\"\"><\/div> <div  class=\"features-coloured-icon-boxes-featurecol cp3cols cp6cols-tablet\">  <h4  class=\"\">Flexibilit\u00e9<\/h4> <p  class=\"\">Un syst\u00e8me unique qui suit toutes vos vies : travail, famille, sorties, voyages.<\/p>  <img  decoding=\"async\" class=\"custom-image\" src=\"https:\/\/www.atelier-intuitive.fr\/wp-content\/uploads\/2025\/12\/4.png\" alt=\"\"><\/div> <div  class=\"features-coloured-icon-boxes-featurecol cp3cols cp6cols-tablet\">  <h4  class=\"\">Durabilit\u00e9<\/h4> <p  class=\"\">Fabrication fran\u00e7aise, mat\u00e9riaux responsables, pens\u00e9s pour durer.<\/p>  <img  decoding=\"async\" class=\"custom-image\" src=\"https:\/\/www.atelier-intuitive.fr\/wp-content\/uploads\/2025\/12\/5.png\" alt=\"\"><\/div><\/div> <\/div><\/div><div  data-label=\"Journee\" data-id=\"content-video-left\" data-category=\"content\" class=\"content-left-video-section content-video-left white-text-section\" id=\"journee\" style=\"background-color: rgb(0, 0, 0); background-image: none;\" data-ovid=\"ovid-content-1-1259\"> <div  class=\"gridContainer dynamic-color\"> <div  class=\"content-left-video-innerrow\"> <div  class=\"content-left-video-imgcol\" data-bg=\"image\" data-type=\"group\" style=\"background-image: url(&quot;https:\/\/www.atelier-intuitive.fr\/wp-content\/uploads\/2025\/12\/Intuitive_BD_2025-01-17_\u00a9VPL-49-scaled.jpg&quot;);\"> <a  data-fancybox=\"\" href=\"https:\/\/youtu.be\/wWrZZhXK8TM\" data-video-lightbox=\"true\" class=\"\"> <i  data-cp-fa=\"true\" class=\"font-video-icon fa fa-play-circle-o color7\"><\/i> <\/a> <\/div> <div  class=\"content-left-video-textcol\" data-type=\"column\"> <h2  class=\"\">Une journ\u00e9e avec INTUITIVE<\/h2> <p  class=\"\">Du travail \u00e0 la soir\u00e9e, votre sac suit votre rythme sans ralentir votre quotidien.<\/p> <\/div> <\/div> <\/div><\/div><div  data-label=\"Fonctionnement\" data-id=\"features-image-cards-section\" data-category=\"features\" class=\"features-image-cards-section\" style=\"background-color: rgb(255, 255, 255); background-image: none;\" id=\"fonctionnement\" data-ovid=\"ovid-features-2-2018\"> <div  class=\"gridContainer\"> <div  class=\"features-image-cards-textrow\"> <div  class=\"features-image-cards-textcol dynamic-color\" data-type=\"column\"> <h2  class=\"\">Comment \u00e7a fonctionne<\/h2>  <\/div> <\/div> <div  class=\"features-image-cards-innerrow flexbox-list dark-text\" data-type=\"row\"> <div  class=\"features-image-cards-cardcol cp4cols cp6cols-tablet\"> <div  class=\"features-image-cards-cardrow\"><img  decoding=\"async\" class=\"features-image-cards-featimg\" src=\"https:\/\/www.atelier-intuitive.fr\/wp-content\/uploads\/2025\/12\/Intuitive_2025-11-24_\u00a9VPL-1-scaled.jpg\" alt=\"\"> <div  class=\"features-image-cards-cardtextrow\" data-type=\"column\"> <h4  class=\"\">Intuit I \u2014 Lunettes &amp; fragiles<\/h4> <p  class=\"\">Un module molletonn\u00e9 pour prot\u00e9ger vos lunettes et petits objets d\u00e9licats.<\/p>  <\/div> <\/div> <\/div> <div  class=\"features-image-cards-cardcol cp4cols cp6cols-tablet\"> <div  class=\"features-image-cards-cardrow\"><img  decoding=\"async\" class=\"features-image-cards-featimg\" src=\"https:\/\/www.atelier-intuitive.fr\/wp-content\/uploads\/2025\/12\/Intuitive_2025-11-24_\u00a9VPL-6-scaled.jpg\" alt=\"\"> <div  class=\"features-image-cards-cardtextrow\" data-type=\"column\"> <h4  class=\"\">Intuit II \u2014 Cl\u00e9s &amp; portefeuille<\/h4> <p  class=\"\">Tout ce que vous cherchez toujours au dernier moment, rang\u00e9 et visible.<\/p>  <\/div> <\/div> <\/div> <div  class=\"features-image-cards-cardcol cp4cols cp6cols-tablet\"> <div  class=\"features-image-cards-cardrow\"><img  decoding=\"async\" class=\"features-image-cards-featimg\" src=\"https:\/\/www.atelier-intuitive.fr\/wp-content\/uploads\/2025\/12\/Intuitive_2025-11-24_\u00a9VPL-7-scaled.jpg\" alt=\"\"> <div  class=\"features-image-cards-cardtextrow\" data-type=\"column\"> <h4  class=\"\">Intuit III \u2014 Beaut\u00e9 &amp; essentiels<\/h4> <p  class=\"\">Rouge \u00e0 l\u00e8vres, miroir, petits indispensables toujours sous la main.<\/p>  <\/div> <\/div> <\/div> <div  class=\"features-image-cards-cardcol cp4cols cp6cols-tablet\"> <div  class=\"features-image-cards-cardrow\"><img  decoding=\"async\" class=\"features-image-cards-featimg\" src=\"https:\/\/www.atelier-intuitive.fr\/wp-content\/uploads\/2025\/12\/Intuitive_2025-11-24_\u00a9VPL-9-scaled.jpg\" alt=\"\"> <div  class=\"features-image-cards-cardtextrow\" data-type=\"column\"> <h4  class=\"\">Intuit IV \u2014 Technologie<\/h4> <p  class=\"\">C\u00e2bles, chargeurs, \u00e9couteurs, accessoires tech organis\u00e9s et d\u00e9m\u00eal\u00e9s.<\/p>  <\/div> <\/div> <\/div><div  class=\"features-image-cards-cardcol cp4cols cp6cols-tablet\"> <div  class=\"features-image-cards-cardrow\"><img  decoding=\"async\" class=\"features-image-cards-featimg\" src=\"https:\/\/www.atelier-intuitive.fr\/wp-content\/uploads\/2025\/12\/Intuitive_2025-11-24_\u00a9VPL-5-scaled.jpg\" alt=\"\"> <div  class=\"features-image-cards-cardtextrow\" data-type=\"column\"> <h4  class=\"\">Intuit V \u2014 Tablette &amp; documents<\/h4> <p  class=\"\">Un module pens\u00e9 pour vos \u00e9crans et papiers importants, prot\u00e9g\u00e9s des chocs.<\/p>  <\/div> <\/div> <\/div><div  class=\"features-image-cards-cardcol cp4cols cp6cols-tablet\"> <div  class=\"features-image-cards-cardrow\"><img  decoding=\"async\" class=\"features-image-cards-featimg\" src=\"https:\/\/www.atelier-intuitive.fr\/wp-content\/uploads\/2025\/12\/Intuitive_2025-11-24_\u00a9VPL-4-scaled.jpg\" alt=\"\"> <div  class=\"features-image-cards-cardtextrow\" data-type=\"column\"> <h4  class=\"\">Intuit VI<\/h4> <p  class=\"\">Parfait pour tablettes et ordinateurs 13\u2033\u201314\u2033<\/p>  <\/div> <\/div> <\/div><div  class=\"features-image-cards-cardcol cp4cols cp6cols-tablet\"> <div  class=\"features-image-cards-cardrow\"><img  decoding=\"async\" class=\"features-image-cards-featimg\" src=\"https:\/\/www.atelier-intuitive.fr\/wp-content\/uploads\/2025\/12\/Intuitive_2025-11-24_\u00a9VPL-3-copie-scaled.png\" alt=\"\"> <div  class=\"features-image-cards-cardtextrow\" data-type=\"column\"> <h4  class=\"\">Intuit VII&nbsp;<\/h4> <p  class=\"\">Parfait pour votre ordinateur 15\u201c !<\/p>  <\/div> <\/div> <\/div><div  class=\"features-image-cards-cardcol cp4cols cp6cols-tablet\"> <div  class=\"features-image-cards-cardrow\"><img  decoding=\"async\" class=\"features-image-cards-featimg\" src=\"https:\/\/www.atelier-intuitive.fr\/wp-content\/uploads\/2025\/12\/Intuitive_2025-11-24_\u00a9VPL-2-scaled.jpg\" alt=\"\"> <div  class=\"features-image-cards-cardtextrow\" data-type=\"column\"> <h4  class=\"\">Invisible<\/h4> <p  class=\"\">Con\u00e7u pour les sacs ouverts.<br >\nSe ferme par un cordon de serrage fabriqu\u00e9 en France.<br >\n S\u2019adapte \u00e0 diff\u00e9rentes tailles de sacs<\/p>  <\/div> <\/div> <\/div><\/div> <\/div><\/div><div  data-label=\"Valeurs\" data-id=\"features-image-cards-section-1\" data-category=\"features\" class=\"features-image-cards-section features-image-cards-section-1 white-text-section\" style=\"background-color: rgb(0, 0, 0); background-image: none;\" id=\"valeurs\" data-ovid=\"ovid-features-3-2278\"> <div  class=\"gridContainer\"> <div  class=\"features-image-cards-textrow\"> <div  class=\"features-image-cards-textcol dynamic-color\" data-type=\"column\"> <h2  class=\"\">Nos valeurs<\/h2>  <\/div> <\/div> <div  class=\"features-image-cards-innerrow flexbox-list dark-text\" data-type=\"row\"> <div  class=\"features-image-cards-cardcol cp4cols cp6cols-tablet\"> <div  class=\"features-image-cards-cardrow\"> <div  class=\"features-image-cards-cardtextrow\" data-type=\"column\"> <h4  class=\"\">Fabrication fran\u00e7aise<\/h4> <p  class=\"\">Nous travaillons avec des ateliers locaux et des partenaires de confiance pour garantir un savoir-faire de qualit\u00e9 et des circuits courts.<\/p>  <\/div> <\/div> <\/div> <div  class=\"features-image-cards-cardcol cp4cols cp6cols-tablet\"> <div  class=\"features-image-cards-cardrow\"> <div  class=\"features-image-cards-cardtextrow\" data-type=\"column\"> <h4  class=\"\">Responsabilit\u00e9 &amp; durabilit\u00e9<\/h4> <p  class=\"\">Les mat\u00e9riaux sont choisis pour leur r\u00e9sistance et leur impact r\u00e9duit, afin de cr\u00e9er un produit qui dure et qui respecte l\u2019environnement.<\/p>  <\/div> <\/div> <\/div> <div  class=\"features-image-cards-cardcol cp4cols cp6cols-tablet\"> <div  class=\"features-image-cards-cardrow\"> <div  class=\"features-image-cards-cardtextrow\" data-type=\"column\"> <h4  class=\"\">Simplicit\u00e9 au quotidien<\/h4> <p  class=\"\"><img  decoding=\"async\" draggable=\"false\" role=\"img\" class=\"emoji\" alt=\"1\ufe0f\u20e3\" src=\"https:\/\/s.w.org\/images\/core\/emoji\/17.0.2\/svg\/31-20e3.svg\"> Vous rangez votre vie dans des modules intelligents.<br >\n<img  decoding=\"async\" draggable=\"false\" role=\"img\" class=\"emoji\" alt=\"2\ufe0f\u20e3\" src=\"https:\/\/s.w.org\/images\/core\/emoji\/17.0.2\/svg\/32-20e3.svg\"> Vous les transf\u00e9rez d\u2019un sac \u00e0 l\u2019autre en un seul geste.<br >\n<img  decoding=\"async\" draggable=\"false\" role=\"img\" class=\"emoji\" alt=\"3\ufe0f\u20e3\" src=\"https:\/\/s.w.org\/images\/core\/emoji\/17.0.2\/svg\/33-20e3.svg\"> Vous gagnez du temps, de la clart\u00e9 et de la s\u00e9r\u00e9nit\u00e9.<\/p>  <\/div> <\/div> <\/div> <\/div> <\/div><\/div><div  data-label=\"Temoigngge\" data-id=\"features-square-image-section\" data-category=\"features\" class=\"features-square-image-section\" id=\"temoigngge\" style=\"background-color: rgb(255, 255, 255);\"> <div  class=\"gridContainer dynamic-color\"> <div  class=\"features-square-image-textrow\"> <div  class=\"features-square-image-textcol\" data-type=\"column\"> <h2  class=\"\">Elles en parlent<\/h2>  <\/div> <\/div> <div  class=\"features-square-image-innerrow\" data-type=\"row\"> <div  class=\"features-square-image-featcol cp4cols cp6cols-tablet\"><img  decoding=\"async\" class=\"features-square-image-featimg\" src=\"https:\/\/www.atelier-intuitive.fr\/wp-content\/uploads\/2025\/12\/1.jpg\" alt=\"\">    <\/div> <div  class=\"features-square-image-featcol cp4cols cp6cols-tablet\"><img  decoding=\"async\" class=\"features-square-image-featimg\" src=\"https:\/\/www.atelier-intuitive.fr\/wp-content\/uploads\/2025\/12\/2.jpg\" alt=\"\">   <\/div>  <\/div> <\/div><\/div><div  data-label=\"Content\" data-id=\"content-image-right-1\" data-category=\"content\" class=\"content-right-image-section content-image-right-1 white-text-section\" id=\"content-4\" style=\"background-color: rgb(10, 10, 10); background-image: none;\" data-ovid=\"ovid-content-4-5011\"> <div  class=\"gridContainer\"> <div  class=\"content-right-image-gridcol\"> <div  class=\"content-right-image-textcol dynamic-color\" data-type=\"column\"> <h2  class=\"\">Un mot sur la cr\u00e9atrice<\/h2> <p  class=\"large_text\">Je m\u2019appelle Fr\u00e9d\u00e9rique<br >Depuis plusieurs ann\u00e9es, une id\u00e9e me trotte dans la t\u00eate : et si nous pouvions enfin en finir avec le chaos dans nos sacs \u00e0 main ? Comme beaucoup de femmes actives, je passais trop de temps \u00e0 chercher mes cl\u00e9s, mon t\u00e9l\u00e9phone ou mon rouge \u00e0 l\u00e8vres\u2026 et je savais que je n\u2019\u00e9tais pas la seule.\n<br ><br >C\u2019est de ce besoin universel qu\u2019est n\u00e9e <span  style=\"font-family: &quot;Source Sans Pro&quot;, arial, helvetica, sans-serif;\">INTUITIVE<\/span>.<br >\nUn projet que j\u2019ai imagin\u00e9, sourc\u00e9 et financ\u00e9 moi-m\u00eame, pas \u00e0 pas, avec une conviction : il \u00e9tait essentiel qu\u2019il soit <span  style=\"text-decoration: underline;\">100% fran\u00e7ais<\/span>, pour mettre en lumi\u00e8re le savoir-faire et la cr\u00e9ativit\u00e9 que notre pays a de meilleur \u00e0 offrir.\n<br ><br >Il m\u2019aura fallu plus de <span  style=\"text-decoration: underline;\">2 ans de recherche et de d\u00e9veloppement<\/span>, d\u2019essais, de prototypes et de rencontres avec des couturi\u00e8res ind\u00e9pendantes aux quatre coins de la France, pour aboutir \u00e0 une solution qui change vraiment le quotidien.\n<br ><br >Un accessoire ing\u00e9nieux, pens\u00e9 pour toutes et tous, qui permet de retrouver chaque chose \u00e0 sa place en un instant. Plus besoin de fouiller, plus de perte de temps : <span  style=\"text-decoration: underline;\">tout est organis\u00e9, l\u2019esprit est lib\u00e9r\u00e9.\n<\/span>Aujourd\u2019hui, je suis fi\u00e8re de partager ce projet avec vous et de vous inviter \u00e0 rejoindre cette aventure. Car ce n\u2019est pas seulement un accessoire\u2026 <span  style=\"font-style: italic;\">c\u2019est une nouvelle mani\u00e8re de vivre son quotidien, avec plus de fluidit\u00e9 et de s\u00e9r\u00e9nit\u00e9.<\/span><\/p>  <\/div> <div  class=\"content-right-image-imgcol\" data-type=\"column\"> <img  decoding=\"async\" src=\"https:\/\/www.atelier-intuitive.fr\/wp-content\/uploads\/2025\/12\/Intuitive_BD_2025-01-17_\u00a9VPL-16-scaled.jpg\" class=\"\" alt=\"\"> <\/div> <\/div> <\/div> <\/div><div  data-label=\"Contact\" data-id=\"contact-section\" data-category=\"contact\" data-bg=\"transparent\" class=\"contact-section-formsection white-text contact-section\" id=\"contact-4\"> <div  class=\"gridContainer\"> <div  class=\"row_224\"> <div  class=\"contact-textrow\"> <div  class=\"contact-textcol dynamic-color\"> <h2 >Contact<\/h2> <p  class=\"white_text\">Une question ? Un avis ? N\u2019h\u00e9sitez pas \u00e0 nous contacter !<\/p> <\/div> <\/div> <\/div> <div  class=\"contact-formcol\" data-content-shortcode=\"one_page_express_contact_form shortcode=&quot;contact-form-7 id=&amp;amp;quot;fc9dc12&amp;amp;quot; title=&amp;amp;quot;Formulaire de contact 1&amp;amp;quot;&quot;\" data-editable=\"true\">\n<div class=\"wpcf7 no-js\" id=\"wpcf7-f130-o1\" lang=\"fr-FR\" dir=\"ltr\" data-wpcf7-id=\"130\">\n<div class=\"screen-reader-response\"><p role=\"status\" aria-live=\"polite\" aria-atomic=\"true\"><\/p> <ul><\/ul><\/div>\n<form action=\"\/index.php\/wp-json\/wp\/v2\/pages\/2#wpcf7-f130-o1\" method=\"post\" class=\"wpcf7-form init\" aria-label=\"Formulaire de contact\" novalidate=\"novalidate\" data-status=\"init\">\n<fieldset class=\"hidden-fields-container\"><input type=\"hidden\" name=\"_wpcf7\" value=\"130\" \/><input type=\"hidden\" name=\"_wpcf7_version\" value=\"6.1.5\" \/><input type=\"hidden\" name=\"_wpcf7_locale\" value=\"fr_FR\" \/><input type=\"hidden\" name=\"_wpcf7_unit_tag\" value=\"wpcf7-f130-o1\" \/><input type=\"hidden\" name=\"_wpcf7_container_post\" value=\"0\" \/><input type=\"hidden\" name=\"_wpcf7_posted_data_hash\" value=\"\" \/>\n<\/fieldset>\n<p><label> Votre nom<br \/>\n<span class=\"wpcf7-form-control-wrap\" data-name=\"your-name\"><input size=\"40\" maxlength=\"400\" class=\"wpcf7-form-control wpcf7-text wpcf7-validates-as-required\" autocomplete=\"name\" aria-required=\"true\" aria-invalid=\"false\" value=\"\" type=\"text\" name=\"your-name\" \/><\/span> <\/label>\n<\/p>\n<p><label> Votre e-mail<br \/>\n<span class=\"wpcf7-form-control-wrap\" data-name=\"your-email\"><input size=\"40\" maxlength=\"400\" class=\"wpcf7-form-control wpcf7-email wpcf7-validates-as-required wpcf7-text wpcf7-validates-as-email\" autocomplete=\"email\" aria-required=\"true\" aria-invalid=\"false\" value=\"\" type=\"email\" name=\"your-email\" \/><\/span> <\/label>\n<\/p>\n<p><label> Objet<br \/>\n<span class=\"wpcf7-form-control-wrap\" data-name=\"your-subject\"><input size=\"40\" maxlength=\"400\" class=\"wpcf7-form-control wpcf7-text wpcf7-validates-as-required\" aria-required=\"true\" aria-invalid=\"false\" value=\"\" type=\"text\" name=\"your-subject\" \/><\/span> <\/label>\n<\/p>\n<p><label> Votre message (facultatif)<br \/>\n<span class=\"wpcf7-form-control-wrap\" data-name=\"your-message\"><textarea cols=\"40\" rows=\"10\" maxlength=\"2000\" class=\"wpcf7-form-control wpcf7-textarea\" aria-invalid=\"false\" name=\"your-message\"><\/textarea><\/span> <\/label>\n<\/p>\n<p><input class=\"wpcf7-form-control wpcf7-submit has-spinner\" type=\"submit\" value=\"Envoyer\" \/>\n<\/p><div class=\"wpcf7-response-output\" aria-hidden=\"true\"><\/div>\n<\/form>\n<\/div>\n<\/div> <\/div><\/div>","protected":false},"excerpt":{"rendered":"<p>Vous en avez assez de chercher vos cl\u00e9s ? Le matin, c\u2019est la course. Vous ouvrez votre sac et c\u2019est le chaos : cl\u00e9s perdues, t\u00e9l\u00e9phone coinc\u00e9, papiers \u00e9parpill\u00e9s. Ce stress invisible grignote votre \u00e9nergie. INTUITIVE, l\u2019organisation r\u00e9invent\u00e9e INTUITIVE est un syst\u00e8me de compartiments modulables et amovibles, fabriqu\u00e9s en France, avec des mat\u00e9riaux durables et&hellip; <br \/> <a class=\"button small blue\" href=\"https:\/\/www.atelier-intuitive.fr\/index.php\/2025\/12\/08\/hello-world\/\">Lire la suite<\/a><\/p>\n","protected":false},"author":1,"featured_media":0,"parent":0,"menu_order":0,"comment_status":"closed","ping_status":"open","template":"full-width-page.php","meta":{"footnotes":""},"class_list":["post-2","page","type-page","status-publish","hentry"],"_links":{"self":[{"href":"https:\/\/www.atelier-intuitive.fr\/index.php\/wp-json\/wp\/v2\/pages\/2","targetHints":{"allow":["GET"]}}],"collection":[{"href":"https:\/\/www.atelier-intuitive.fr\/index.php\/wp-json\/wp\/v2\/pages"}],"about":[{"href":"https:\/\/www.atelier-intuitive.fr\/index.php\/wp-json\/wp\/v2\/types\/page"}],"author":[{"embeddable":true,"href":"https:\/\/www.atelier-intuitive.fr\/index.php\/wp-json\/wp\/v2\/users\/1"}],"replies":[{"embeddable":true,"href":"https:\/\/www.atelier-intuitive.fr\/index.php\/wp-json\/wp\/v2\/comments?post=2"}],"version-history":[{"count":39,"href":"https:\/\/www.atelier-intuitive.fr\/index.php\/wp-json\/wp\/v2\/pages\/2\/revisions"}],"predecessor-version":[{"id":174,"href":"https:\/\/www.atelier-intuitive.fr\/index.php\/wp-json\/wp\/v2\/pages\/2\/revisions\/174"}],"wp:attachment":[{"href":"https:\/\/www.atelier-intuitive.fr\/index.php\/wp-json\/wp\/v2\/media?parent=2"}],"curies":[{"name":"wp","href":"https:\/\/api.w.org\/{rel}","templated":true}]}}